{"id":307,"date":"2022-10-07T15:47:11","date_gmt":"2022-10-07T13:47:11","guid":{"rendered":"http:\/\/www.duria-plan.de\/?page_id=307"},"modified":"2022-10-07T15:49:02","modified_gmt":"2022-10-07T13:49:02","slug":"unser-leitbild","status":"publish","type":"page","link":"http:\/\/www.duria-plan.de\/?page_id=307","title":{"rendered":"Unser Leitbild"},"content":{"rendered":"\n<pre class=\"wp-block-verse\">Die Duria Plan Ingenieurgesellschaft mbH ist aus dem Wunsch entstanden, unseren Kunden eine gesamtheitliche L\u00f6sung bei der Beratung und Planung von Einrichtungen der technischen Geb\u00e4udeausr\u00fcstung zu bieten.\nIn einer sich schnell ver\u00e4ndernden Welt geben wir unseren Kunden durch feste Ansprechpartner \u2013 vor, w\u00e4hrend und nach der Projektausf\u00fchrung \u2013 ein stabiles Fundament f\u00fcr die Zusammenarbeit.\nDie schlanke Unternehmensorganisation f\u00f6rdert die interne Kommunikation und somit auch den Wissensaustausch zwischen den einzelnen Disziplinen.\nUnser oberstes Ziel ist es, die Anspr\u00fcche und Bed\u00fcrfnisse unserer Kunden \u2013 sei es intern oder extern \u2013 zu deren Zufriedenheit zu erbringen.<\/pre>\n","protected":false},"excerpt":{"rendered":"<p>Die Duria Plan Ingenieurgesellschaft mbH ist aus dem Wunsch entstanden, unseren Kunden eine gesamtheitliche L\u00f6sung bei der Beratung und Planung von Einrichtungen der technischen Geb\u00e4udeausr\u00fcstung zu bieten. In einer sich schnell ver\u00e4ndernden Welt geben wir unseren Kunden durch feste Ansprechpartner \u2013 vor, w\u00e4hrend und nach der Projektausf\u00fchrung \u2013 ein stabiles Fundament f\u00fcr die Zusammenarbeit. Die &hellip; <\/p>\n<p class=\"link-more\"><a href=\"http:\/\/www.duria-plan.de\/?page_id=307\" class=\"more-link\">Mehr <span class=\"screen-reader-text\">\u00fcber &#8222;Unser Leitbild&#8220; <\/span>Lesen<\/a><\/p>\n","protected":false},"author":1,"featured_media":0,"parent":0,"menu_order":0,"comment_status":"closed","ping_status":"closed","template":"","meta":[],"_links":{"self":[{"href":"http:\/\/www.duria-plan.de\/index.php?rest_route=\/wp\/v2\/pages\/307"}],"collection":[{"href":"http:\/\/www.duria-plan.de\/index.php?rest_route=\/wp\/v2\/pages"}],"about":[{"href":"http:\/\/www.duria-plan.de\/index.php?rest_route=\/wp\/v2\/types\/page"}],"author":[{"embeddable":true,"href":"http:\/\/www.duria-plan.de\/index.php?rest_route=\/wp\/v2\/users\/1"}],"replies":[{"embeddable":true,"href":"http:\/\/www.duria-plan.de\/index.php?rest_route=%2Fwp%2Fv2%2Fcomments&post=307"}],"version-history":[{"count":1,"href":"http:\/\/www.duria-plan.de\/index.php?rest_route=\/wp\/v2\/pages\/307\/revisions"}],"predecessor-version":[{"id":309,"href":"http:\/\/www.duria-plan.de\/index.php?rest_route=\/wp\/v2\/pages\/307\/revisions\/309"}],"wp:attachment":[{"href":"http:\/\/www.duria-plan.de\/index.php?rest_route=%2Fwp%2Fv2%2Fmedia&parent=307"}],"curies":[{"name":"wp","href":"https:\/\/api.w.org\/{rel}","templated":true}]}}